{"id":115,"date":"2018-02-28T20:14:07","date_gmt":"2018-02-28T19:14:07","guid":{"rendered":"http:\/\/forneboda.se\/?page_id=115"},"modified":"2018-11-30T16:51:23","modified_gmt":"2018-11-30T15:51:23","slug":"historia","status":"publish","type":"page","link":"https:\/\/forneboda.se\/?page_id=115","title":{"rendered":"historia"},"content":{"rendered":"<h2><strong>HISTORIA<\/strong><\/h2>\n<h3><strong>Epoken Alma och Georg Gauffin<\/strong><\/h3>\n<p><img loading=\"lazy\" decoding=\"async\" src=\"https:\/\/forneboda.se\/wp-content\/uploads\/2018\/02\/alma.jpg\" alt=\"\" width=\"125\" height=\"159\" \/><img loading=\"lazy\" decoding=\"async\" src=\"https:\/\/forneboda.se\/wp-content\/uploads\/2018\/02\/Georg-Gauffin.jpg\" alt=\"\" width=\"125\" height=\"159\" \/><\/p>\n<p><em>Text Jan Ottosson<\/em><\/p>\n<p>Det var sommaren 1887 allt b\u00f6rjade. Paret Alma och Georg Gauffin fr\u00e5n Stockholm bes\u00f6kte Tulseboda brunn som badg\u00e4ster. Georg Gauffin var direkt\u00f6r och grundare av Apotekarnes Mineralvattenfabrik. Paret hade n\u00e5gra \u00e5r tidigare mist sitt enda barn, nio\u00e5riga dottern Alma.Sorgen var mycket stor, och n\u00e4r de som badg\u00e4ster promenerade i de vackra omgivning-arna kring Kyrkhult, kom de bland annat till en vacker plats p\u00e5 \u00f6stra sidan av d\u00e5varande G\u00e5rdsj\u00f6n. D\u00e4r s\u00e5g de Kyrkhults kyrka spegla sig i vattnet p\u00e5 motsatta sidan av sj\u00f6n.<em> \u201dDen h\u00e4r bilden har jag sett i en dr\u00f6m. H\u00e4r vill jag bygga mig ett hem\u201d<\/em>, sade Alma Gauffin till sin make.<br \/>\nSagt och gjort. Efter samtal med d\u00e5varande mark\u00e4garen Ola Larsson i Tulseboda lyckades de f\u00e5 k\u00f6pa ett rej\u00e4lt markomr\u00e5de vid sj\u00f6n.<\/p>\n<p><img loading=\"lazy\" decoding=\"async\" src=\"wp-content\/uploads\/2018\/02\/3-lill-Alma.jpg\" alt=\"\" width=\"135\" height=\"185\" \/>H\u00e4r l\u00e4t man 1888 uppf\u00f6ra den m\u00e4rkliga byggnad som fortfarande finns bevarad p\u00e5 platsen. Fru Gauffin kallade platsen f\u00f6r Forneboda, och Forneboda fick ocks\u00e5 ge namn \u00e5t sj\u00f6n.<\/p>\n<p><p><img loading=\"lazy\" decoding=\"async\" src=\"wp-content\/uploads\/2018\/02\/kirken.jpg\" alt=\"\" width=\"500\" height=\"706\" \/><\/p>\n<p>\t<a href=\"https:\/\/forneboda.se\/?page_id=130\"><img loading=\"lazy\" decoding=\"async\" src=\"https:\/\/forneboda.se\/wp-content\/uploads\/2018\/02\/pil.gif\" alt=\"\" width=\"26\" height=\"31\" \/><\/a><\/p>\n<p><a href=\"https:\/\/forneboda.se\/?page_id=130\"><img loading=\"lazy\" decoding=\"async\" src=\"https:\/\/forneboda.se\/wp-content\/uploads\/2018\/02\/pil.gif\" alt=\"\" width=\"26\" height=\"31\" \/><\/a><\/p>\n","protected":false},"excerpt":{"rendered":"<p>HISTORIA Epoken Alma och Georg Gauffin Text Jan Ottosson Det var sommaren 1887 allt b\u00f6rjade. Paret Alma och Georg Gauffin fr\u00e5n Stockholm bes\u00f6kte Tulseboda brunn som badg\u00e4ster. Georg Gauffin var direkt\u00f6r och grundare av Apotekarnes Mineralvattenfabrik. Paret hade n\u00e5gra \u00e5r tidigare mist sitt enda barn, nio\u00e5riga dottern Alma.Sorgen var mycket stor, och n\u00e4r de som badg\u00e4ster promenerade i de vackra omgivning-arna kring Kyrkhult, kom de bland annat till en vacker plats p\u00e5 \u00f6stra sidan av d\u00e5varande G\u00e5rdsj\u00f6n. D\u00e4r s\u00e5g de Kyrkhults kyrka spegla sig i vattnet p\u00e5 motsatta sidan av sj\u00f6n. \u201dDen h\u00e4r bilden har jag sett i en dr\u00f6m. H\u00e4r vill jag bygga mig ett hem\u201d, sade Alma Gauffin till sin make. Sagt och gjort. Efter samtal med d\u00e5varande mark\u00e4garen Ola Larsson i Tulseboda lyckades de f\u00e5 k\u00f6pa ett rej\u00e4lt markomr\u00e5de vid sj\u00f6n. H\u00e4r l\u00e4t man 1888 uppf\u00f6ra den m\u00e4rkliga byggnad som fortfarande finns bevarad p\u00e5 platsen. Fru Gauffin kallade platsen f\u00f6r Forneboda, och Forneboda fick ocks\u00e5 ge namn \u00e5t sj\u00f6n.<\/p>\n","protected":false},"author":1,"featured_media":0,"parent":0,"menu_order":0,"comment_status":"closed","ping_status":"closed","template":"","meta":{"footnotes":""},"class_list":["post-115","page","type-page","status-publish","hentry"],"_links":{"self":[{"href":"https:\/\/forneboda.se\/index.php?rest_route=\/wp\/v2\/pages\/115","targetHints":{"allow":["GET"]}}],"collection":[{"href":"https:\/\/forneboda.se\/index.php?rest_route=\/wp\/v2\/pages"}],"about":[{"href":"https:\/\/forneboda.se\/index.php?rest_route=\/wp\/v2\/types\/page"}],"author":[{"embeddable":true,"href":"https:\/\/forneboda.se\/index.php?rest_route=\/wp\/v2\/users\/1"}],"replies":[{"embeddable":true,"href":"https:\/\/forneboda.se\/index.php?rest_route=%2Fwp%2Fv2%2Fcomments&post=115"}],"version-history":[{"count":7,"href":"https:\/\/forneboda.se\/index.php?rest_route=\/wp\/v2\/pages\/115\/revisions"}],"predecessor-version":[{"id":421,"href":"https:\/\/forneboda.se\/index.php?rest_route=\/wp\/v2\/pages\/115\/revisions\/421"}],"wp:attachment":[{"href":"https:\/\/forneboda.se\/index.php?rest_route=%2Fwp%2Fv2%2Fmedia&parent=115"}],"curies":[{"name":"wp","href":"https:\/\/api.w.org\/{rel}","templated":true}]}}