{"id":161,"date":"2018-02-28T23:53:26","date_gmt":"2018-02-28T22:53:26","guid":{"rendered":"http:\/\/forneboda.se\/?page_id=161"},"modified":"2026-02-02T18:22:07","modified_gmt":"2026-02-02T17:22:07","slug":"stiftelsen","status":"publish","type":"page","link":"https:\/\/forneboda.se\/?page_id=161","title":{"rendered":"stiftelsen"},"content":{"rendered":"\n\n\t<strong>FORNEBODASTIFTELSEN<br \/>\n<\/strong><br \/>\n1994 bildades Fornebodastiftelsen som idag ansvarar f\u00f6r Forneboda. Det gamla unika huset renoverades och Forneboda blev byggnadsminnes-f\u00f6rklarat.<br \/>\nI stiftelsestyrelsen ing\u00e5r representanter f\u00f6r Kyrkhults hembygdsf\u00f6rening, Olofstr\u00f6ms kommun och Blekinge museum.\n<p><strong>STIFTELSENS \u00c4NDAM\u00c5L \u00c4R:<\/strong><\/p>\n<ul>\n<li>att bevara och utveckla den kulturella s\u00e4rart som k\u00e4nnetecknar Fornebodastugan och dess omgivning<\/li>\n<\/ul>\n<ul>\n<li>samt f\u00f6rknippar den med familjen Eldhs stora konstn\u00e4rsskap.<\/li>\n<\/ul>\n\n\t<strong>STIFTELSENS STYRELSE:<br \/>\n<\/strong><br \/>\n<em>Ordf\u00f6rande:<\/em><br \/>\nMargrethe Petersen, Nebbeboda\n<em>Kass\u00f6r:<\/em><br \/>\nHans Jonsson, Olofstr\u00f6m\n<em>Sekret\u00e4r:<\/em><br \/>\nMarie-Louise Mimmi Nilsson, Sk\u00e4lmershult\n<em>\u00d6vriga ledam\u00f6ter:<\/em><br \/>\nRolf Persson, Kyrkhult<br \/>\nReino Fridh, Olofstr\u00f6m<br \/>\nIngrid Karlsson, Olofstr\u00f6m\n<em>Suppleanter:<\/em><br \/>\nKent Kullman, Olofstr\u00f6m\n\t<p>Foton fr\u00e5n den umfattende renoveringen 1995 inomhus.<\/p>\n\t<p><img loading=\"lazy\" decoding=\"async\" src=\"https:\/\/forneboda.se\/wp-content\/uploads\/2018\/02\/Renovering-kitchen-3.jpg\" alt=\"\" width=\"233\" height=\"128\" \/><img loading=\"lazy\" decoding=\"async\" src=\"https:\/\/forneboda.se\/wp-content\/uploads\/2018\/02\/Renovering-kitchen-2.jpg\" alt=\"\" width=\"214\" height=\"128\" \/><\/p>\n\t<p><img loading=\"lazy\" decoding=\"async\" src=\"https:\/\/forneboda.se\/wp-content\/uploads\/2018\/02\/Renovering-2l.jpg\" alt=\"\" width=\"174\" height=\"144\" \/><img loading=\"lazy\" decoding=\"async\" src=\"https:\/\/forneboda.se\/wp-content\/uploads\/2018\/02\/Renovering-1-sal.jpg\" alt=\"\" width=\"208\" height=\"144\" \/><img loading=\"lazy\" decoding=\"async\" src=\"https:\/\/forneboda.se\/wp-content\/uploads\/2018\/02\/Renovering-1995.jpg\" alt=\"\" width=\"224\" height=\"144\" \/><\/p>\n\n","protected":false},"excerpt":{"rendered":"<p>FORNEBODASTIFTELSEN 1994 bildades Fornebodastiftelsen som idag ansvarar f\u00f6r Forneboda. Det gamla unika huset renoverades och Forneboda blev byggnadsminnes-f\u00f6rklarat. I stiftelsestyrelsen ing\u00e5r representanter f\u00f6r Kyrkhults hembygdsf\u00f6rening, Olofstr\u00f6ms kommun och Blekinge museum. STIFTELSENS \u00c4NDAM\u00c5L \u00c4R: att bevara och utveckla den kulturella s\u00e4rart som k\u00e4nnetecknar Fornebodastugan och dess omgivning samt f\u00f6rknippar den med familjen Eldhs stora konstn\u00e4rsskap. STIFTELSENS STYRELSE: Ordf\u00f6rande: Margrethe Petersen, Nebbeboda Kass\u00f6r: Hans Jonsson, Olofstr\u00f6m Sekret\u00e4r: Marie-Louise Mimmi Nilsson, Sk\u00e4lmershult \u00d6vriga ledam\u00f6ter: Rolf Persson, Kyrkhult Reino Fridh, Olofstr\u00f6m Ingrid Karlsson, Olofstr\u00f6m Suppleanter: Kent Kullman, Olofstr\u00f6m Foton fr\u00e5n den umfattende renoveringen 1995 inomhus.<\/p>\n","protected":false},"author":1,"featured_media":0,"parent":0,"menu_order":0,"comment_status":"closed","ping_status":"closed","template":"","meta":{"footnotes":""},"class_list":["post-161","page","type-page","status-publish","hentry"],"_links":{"self":[{"href":"https:\/\/forneboda.se\/index.php?rest_route=\/wp\/v2\/pages\/161","targetHints":{"allow":["GET"]}}],"collection":[{"href":"https:\/\/forneboda.se\/index.php?rest_route=\/wp\/v2\/pages"}],"about":[{"href":"https:\/\/forneboda.se\/index.php?rest_route=\/wp\/v2\/types\/page"}],"author":[{"embeddable":true,"href":"https:\/\/forneboda.se\/index.php?rest_route=\/wp\/v2\/users\/1"}],"replies":[{"embeddable":true,"href":"https:\/\/forneboda.se\/index.php?rest_route=%2Fwp%2Fv2%2Fcomments&post=161"}],"version-history":[{"count":11,"href":"https:\/\/forneboda.se\/index.php?rest_route=\/wp\/v2\/pages\/161\/revisions"}],"predecessor-version":[{"id":1572,"href":"https:\/\/forneboda.se\/index.php?rest_route=\/wp\/v2\/pages\/161\/revisions\/1572"}],"wp:attachment":[{"href":"https:\/\/forneboda.se\/index.php?rest_route=%2Fwp%2Fv2%2Fmedia&parent=161"}],"curies":[{"name":"wp","href":"https:\/\/api.w.org\/{rel}","templated":true}]}}