{"id":232,"date":"2018-03-02T09:07:52","date_gmt":"2018-03-02T08:07:52","guid":{"rendered":"http:\/\/forneboda.se\/?page_id=232"},"modified":"2018-06-08T18:38:43","modified_gmt":"2018-06-08T16:38:43","slug":"historia9","status":"publish","type":"page","link":"https:\/\/forneboda.se\/?page_id=232","title":{"rendered":"historia9"},"content":{"rendered":"<p><a href=\"https:\/\/forneboda.se\/?page_id=223\"><img loading=\"lazy\" decoding=\"async\" src=\"https:\/\/forneboda.se\/wp-content\/uploads\/2018\/02\/pil2.gif\" alt=\"\" width=\"27\" height=\"31\" \/><\/a><\/p>\n<p>\tSten Klang spelade \u00e5ren 1931-1932 med instru-menten saxofon och trumpet. Sixten Olsson fr\u00e5n Skrubbeboda spelade ocks\u00e5 dragspel d\u00e4r ibland. Marianne Wickell spelade vid n\u00e5gra tillf\u00e4llen i orkestern som pianist.<\/p>\n<p>Bland andra orkestrar som spelade p\u00e5 Forneboda dansbana kan n\u00e4mnas: Alfred Nilsson, J\u00e4msh\u00f6g, med Alles kapell, Alvins orkester fr\u00e5n Ryd, Ava-lons fr\u00e5n Olofstr\u00f6m samt dragspelaren H\u00e5kon Sw\u00e4rd.<\/p>\n<p>Fr\u00e5n h\u00f6sten 1939 och ett par \u00e5r fram\u00e5t spelade Sten Thulemark i Jean Lundhs orkester. Sten spelade kontrabas. Alban Svensson fr\u00e5n Sv\u00e4ngsta spelade d\u00e5 dragspel. Jean Lundh var milit\u00e4rmusiker, och andra v\u00e4rldskriget p\u00e5gick. I b\u00f6rjan av 1942 blev Jean Lundh inkallad till milit\u00e4rmusiken i Karls-krona, och d\u00e4rmed upph\u00f6rde danserna till Jean Lundhs orkester i Forneboda.<br \/>\nI slutet av 1930-talet och b\u00f6rjan av 1940-talet hade Sten Klang en egen orkester som hette Sten Klangs swingband. De spelade ocks\u00e5 flera g\u00e5nger p\u00e5 For-neboda. Sten Klang har l\u00e4mnat en kopia av ett spel-kontrakt fr\u00e5n den 30\/8 1941, d\u00e5 hans 5-mannaor-kester framtr\u00e4dde p\u00e5 Forneboda. De skulle ha 69,50 kr i gage f\u00f6r spelningen samt fria resor dit och hem.<\/p>\n<p><strong>DANSKV\u00c4LLARNA<\/strong> h\u00e4ngde man upp en skylt inne vid dansbanan, d\u00e4r det angavs vilken dans-form som g\u00e4llde just d\u00e5. Spelade orkestern t ex en hambo s\u00e5 kom skylten \u201cHambo\u201d upp. Biljettf\u00f6rs\u00e4ljningen sk\u00f6ttes en tid av Hulda Gustavsson. En gammal dansbanebes\u00f6kare har ber\u00e4ttat f\u00f6r mig att de f\u00f6rsta \u00e5ren satt fru Gustavsson bakom en liten lucka och s\u00e5lde biljetter. En p\u00e5hittig yngling fr\u00e5n trakten hade smusslat med sig nyspulver och str\u00f6dde om\u00e4rkligt ut det framf\u00f6r biljettluckan.<\/p>\n<p><img loading=\"lazy\" decoding=\"async\" src=\"wp-content\/uploads\/2018\/03\/Forneboda-kafebyggn.jpg\" alt=\"\" width=\"288\" height=\"286\" \/><\/p>\n<p>Reaktionerna l\u00e4t inte v\u00e4nta p\u00e5 sig. Fru Gustavsson fick s\u00e5dana nysattacker att hon fick skaffa en av-l\u00f6sare till biljettf\u00f6rs\u00e4ljningen. Ynglingen f\u00f6rsvann om\u00e4rkligt in i folkvimlet. I b\u00f6rjan av 1930-talet sk\u00f6ttes biljettf\u00f6rs\u00e4ljningen av Elof J\u00f6nsson (Kaff-Olans Elof), sedan av Olof Svensson, K\u00e4ringebygd, och de senare \u00e5ren av Ivar Levin. Ett stort omr\u00e5de runt dansbanan var inh\u00e4gnat med st\u00e4ngsel. Bland m\u00e5nga andra som genom \u00e5ren var engagerade vid dansbanan kan n\u00e4mnas John Svensson, K\u00e4ringebygd, som bl a sk\u00f6tte garderoben.<br \/>\nSten Klang minns att Jean Lundh varje l\u00f6rdag, med egen bil, h\u00e4mtade tv\u00e5 ordningsvakter och flera flickor i Karlshamn. De arbetade p\u00e5 Forneboda under danskv\u00e4llarna och efter dansens slut skjutsade Lundh tillbaka dem till Karlshamn.<\/p>\n<p><strong>KAFFESERVERINGEN<\/strong><br \/>\nN\u00e5gra f\u00e5 meter norr om dansbanan l\u00e5g ett boningshus kvar sedan fru Gauffins tid. D\u00e4r hade Hulda Gustavsson kaffeservering under dans-kv\u00e4llarna. \u00c5ren 1917-1922 bodde makarna Karl och Selma Bengtsson h\u00e4r som nygifta. De l\u00e4t sedan uppf\u00f6ra det hus som p\u00e5 senare tid \u00e4gts av Olga Str\u00f6berg. I b\u00f6rjan av 1930-talet byggde man ihop danspaviljongen och kaf\u00e9byggnaden med en inglasad g\u00e5ng s\u00e5 att man slapp g\u00e5 ut.<\/p>\n<p><a href=\"https:\/\/forneboda.se\/?page_id=243\"><img loading=\"lazy\" decoding=\"async\" src=\"https:\/\/forneboda.se\/wp-content\/uploads\/2018\/02\/pil.gif\" alt=\"\" width=\"26\" height=\"31\" \/><\/a><\/p>\n<p><a href=\"https:\/\/forneboda.se\/?page_id=223\"><img loading=\"lazy\" decoding=\"async\" src=\"https:\/\/forneboda.se\/wp-content\/uploads\/2018\/02\/pil2.gif\" alt=\"\" width=\"27\" height=\"31\" \/><\/a><a href=\"https:\/\/forneboda.se\/?page_id=243\"><img loading=\"lazy\" decoding=\"async\" src=\"https:\/\/forneboda.se\/wp-content\/uploads\/2018\/02\/pil.gif\" alt=\"\" width=\"26\" height=\"31\" \/><\/a><\/p>\n","protected":false},"excerpt":{"rendered":"<p>Sten Klang spelade \u00e5ren 1931-1932 med instru-menten saxofon och trumpet. Sixten Olsson fr\u00e5n Skrubbeboda spelade ocks\u00e5 dragspel d\u00e4r ibland. Marianne Wickell spelade vid n\u00e5gra tillf\u00e4llen i orkestern som pianist. Bland andra orkestrar som spelade p\u00e5 Forneboda dansbana kan n\u00e4mnas: Alfred Nilsson, J\u00e4msh\u00f6g, med Alles kapell, Alvins orkester fr\u00e5n Ryd, Ava-lons fr\u00e5n Olofstr\u00f6m samt dragspelaren H\u00e5kon Sw\u00e4rd. Fr\u00e5n h\u00f6sten 1939 och ett par \u00e5r fram\u00e5t spelade Sten Thulemark i Jean Lundhs orkester. Sten spelade kontrabas. Alban Svensson fr\u00e5n Sv\u00e4ngsta spelade d\u00e5 dragspel. Jean Lundh var milit\u00e4rmusiker, och andra v\u00e4rldskriget p\u00e5gick. I b\u00f6rjan av 1942 blev Jean Lundh inkallad till milit\u00e4rmusiken i Karls-krona, och d\u00e4rmed upph\u00f6rde danserna till Jean Lundhs orkester i Forneboda. I slutet av 1930-talet och b\u00f6rjan av 1940-talet hade Sten Klang en egen orkester som hette Sten Klangs swingband. De spelade ocks\u00e5 flera g\u00e5nger p\u00e5 For-neboda. Sten Klang har l\u00e4mnat en kopia av ett spel-kontrakt fr\u00e5n den 30\/8 1941, d\u00e5 hans 5-mannaor-kester framtr\u00e4dde p\u00e5 Forneboda. De skulle ha 69,50 kr i gage f\u00f6r spelningen samt fria resor dit och hem. DANSKV\u00c4LLARNA h\u00e4ngde man upp en skylt inne vid dansbanan, d\u00e4r det angavs vilken dans-form som g\u00e4llde just d\u00e5. Spelade orkestern t ex en hambo s\u00e5 kom skylten \u201cHambo\u201d upp. Biljettf\u00f6rs\u00e4ljningen sk\u00f6ttes en tid av Hulda Gustavsson. En gammal dansbanebes\u00f6kare har ber\u00e4ttat f\u00f6r mig att de f\u00f6rsta \u00e5ren satt fru Gustavsson bakom en liten lucka och s\u00e5lde biljetter. En p\u00e5hittig yngling fr\u00e5n trakten hade smusslat med sig nyspulver och str\u00f6dde om\u00e4rkligt ut det framf\u00f6r biljettluckan. Reaktionerna l\u00e4t inte v\u00e4nta p\u00e5 sig. Fru Gustavsson fick s\u00e5dana nysattacker att hon fick skaffa en av-l\u00f6sare till biljettf\u00f6rs\u00e4ljningen. Ynglingen f\u00f6rsvann om\u00e4rkligt in i folkvimlet. I b\u00f6rjan av 1930-talet sk\u00f6ttes biljettf\u00f6rs\u00e4ljningen av Elof J\u00f6nsson (Kaff-Olans Elof), sedan av Olof Svensson, K\u00e4ringebygd, och de senare \u00e5ren av Ivar Levin. Ett stort omr\u00e5de runt dansbanan var inh\u00e4gnat med st\u00e4ngsel. Bland m\u00e5nga andra som genom \u00e5ren var engagerade vid dansbanan kan n\u00e4mnas John Svensson, K\u00e4ringebygd, som bl a sk\u00f6tte garderoben. Sten Klang minns att Jean Lundh varje l\u00f6rdag, med egen bil, h\u00e4mtade tv\u00e5 ordningsvakter och flera flickor i Karlshamn. De arbetade p\u00e5 Forneboda under danskv\u00e4llarna och efter dansens slut skjutsade Lundh tillbaka dem till Karlshamn. KAFFESERVERINGEN N\u00e5gra f\u00e5 meter norr om dansbanan l\u00e5g ett boningshus kvar sedan fru Gauffins tid. D\u00e4r hade Hulda Gustavsson kaffeservering under dans-kv\u00e4llarna. \u00c5ren 1917-1922 bodde makarna Karl och Selma Bengtsson h\u00e4r som nygifta. De l\u00e4t sedan uppf\u00f6ra det hus som p\u00e5 senare tid \u00e4gts av Olga Str\u00f6berg. I b\u00f6rjan av 1930-talet byggde man ihop danspaviljongen och kaf\u00e9byggnaden med en inglasad g\u00e5ng s\u00e5 att man slapp g\u00e5 ut.<\/p>\n","protected":false},"author":1,"featured_media":0,"parent":0,"menu_order":0,"comment_status":"closed","ping_status":"closed","template":"","meta":{"footnotes":""},"class_list":["post-232","page","type-page","status-publish","hentry"],"_links":{"self":[{"href":"https:\/\/forneboda.se\/index.php?rest_route=\/wp\/v2\/pages\/232","targetHints":{"allow":["GET"]}}],"collection":[{"href":"https:\/\/forneboda.se\/index.php?rest_route=\/wp\/v2\/pages"}],"about":[{"href":"https:\/\/forneboda.se\/index.php?rest_route=\/wp\/v2\/types\/page"}],"author":[{"embeddable":true,"href":"https:\/\/forneboda.se\/index.php?rest_route=\/wp\/v2\/users\/1"}],"replies":[{"embeddable":true,"href":"https:\/\/forneboda.se\/index.php?rest_route=%2Fwp%2Fv2%2Fcomments&post=232"}],"version-history":[{"count":6,"href":"https:\/\/forneboda.se\/index.php?rest_route=\/wp\/v2\/pages\/232\/revisions"}],"predecessor-version":[{"id":432,"href":"https:\/\/forneboda.se\/index.php?rest_route=\/wp\/v2\/pages\/232\/revisions\/432"}],"wp:attachment":[{"href":"https:\/\/forneboda.se\/index.php?rest_route=%2Fwp%2Fv2%2Fmedia&parent=232"}],"curies":[{"name":"wp","href":"https:\/\/api.w.org\/{rel}","templated":true}]}}