{"id":278,"date":"2018-03-02T11:27:46","date_gmt":"2018-03-02T10:27:46","guid":{"rendered":"http:\/\/forneboda.se\/?page_id=278"},"modified":"2025-05-26T14:06:38","modified_gmt":"2025-05-26T12:06:38","slug":"uthyrning","status":"publish","type":"page","link":"https:\/\/forneboda.se\/?page_id=278","title":{"rendered":"Uthyrning"},"content":{"rendered":"\n\t<h2>UTHYRNING<\/h2>\n<h3>Fira, festa eller semester<\/h3>\n<p><img loading=\"lazy\" decoding=\"async\" src=\"https:\/\/forneboda.se\/wp-content\/uploads\/2018\/03\/fbodamidsommar.jpg\" alt=\"\" width=\"400\" height=\"291\" \/><\/p>\n\t<p><img loading=\"lazy\" decoding=\"async\" src=\"wp-content\/uploads\/2018\/03\/ved-seen.jpg\" alt=\"\" width=\"300\" height=\"200\" \/><\/p>\n<strong>FIRA ELLER FESTA<\/strong><br \/>\nI maj, juni och september kan du hyra Forneboda n\u00e4r du ska fira n\u00e5nting speciellt &#8211; br\u00f6llop, barndop, f\u00f6delsedag &#8211; vad som helst&#8230;\n<strong>PRISER<br \/>\n<\/strong>Festsal med k\u00f6ksfaciliteter:<br \/>\n1 dag 1500 kr.<br \/>\n2 dagar, ankomst efter 16 och \u00a0avresa innan 11: 3000 kr.<br \/>\nSlutst\u00e4dning ing\u00e5r ej.\n<strong>\u00d6vernattning<\/strong><br \/>\nPer dygn (max 6 personer) 1500 kr.<br \/>\nS\u00e4nglinne\/ handduk och slutst\u00e4dning ing\u00e5r ej.<br \/>\nKan tillk\u00f6pas vid best\u00e4llning.<br \/>\nS\u00e4nglinne\/ handduk: 150 kr pr person.<br \/>\nSlutst\u00e4dning 1000 kr. plus 500 kr f\u00f6r hund.\n<strong>KONTAKTPERSON<\/strong><br \/>\nMargrethe Petersen<br \/>\nTEL <a href=\"tel: 004523606909\">0045 23 606 909<\/a><br \/>\nMail:<a href=\"mailto:margrethes@me.com\"> margrethes@me.com<\/a>\n\t<strong>SEMESTRA P\u00c5 FORNEBODA<\/strong><br \/>\nI detta praktfulla kulturhus som ligger vid sj\u00f6n med samma namn har vi inrett ett trevligt semesterboende f\u00f6r 6 personer, som vi hyr ut veckovis p\u00e5 sommaren.\n<p>Bortsett fr\u00e5n moderna installationer som elektricitet, k\u00f6k med diskmaskin, bad och toalett \u00e4r huset intakt som det byggdes \u00e5r 1888.<\/p>\n<p>P\u00e5 andra v\u00e5ningen \u00e4r det 2 stora sovrum i svit \u2013 det ena med utsikt \u00f6ver sj\u00f6n. P\u00e5 denna v\u00e5ning finns ocks\u00e5 bad och toalett. Det tredje sovrummet ligger i gaveln \u00e4ven detta p\u00e5 andra v\u00e5ningen och har egen ing\u00e5ng.<\/p>\n<p>P\u00e5 bottenv\u00e5ningen finns det k\u00f6k och storstuga. En \u00f6vert\u00e4ckt terrass l\u00f6per runt huset, och framf\u00f6r \u00e4r det en h\u00e4rlig terrass med kv\u00e4llssol och utsikt \u00f6ver sj\u00f6n d\u00e4r man kan se Kyrkhults kyrka.<\/p>\n<p>Grillplats i tr\u00e4dg\u00e5rden och roddb\u00e5t i sj\u00f6n, kan man \u00f6nska sig mera&#8230;..<\/p>\n<strong>Pris pr vecka 10 000 kr.<br \/>\n<\/strong>S\u00e4nglinne \/ handduk och slutst\u00e4dning ing\u00e5r ej i priset<strong><br \/>\n<\/strong>\n<p><a href=\"PDF-fil%20svensk%202015.pdf\">\u00a0<\/a><\/p>\n","protected":false},"excerpt":{"rendered":"<p>UTHYRNING Fira, festa eller semester FIRA ELLER FESTA I maj, juni och september kan du hyra Forneboda n\u00e4r du ska fira n\u00e5nting speciellt &#8211; br\u00f6llop, barndop, f\u00f6delsedag &#8211; vad som helst&#8230; PRISER Festsal med k\u00f6ksfaciliteter: 1 dag 1500 kr. 2 dagar, ankomst efter 16 och \u00a0avresa innan 11: 3000 kr. Slutst\u00e4dning ing\u00e5r ej. \u00d6vernattning Per dygn (max 6 personer) 1500 kr. S\u00e4nglinne\/ handduk och slutst\u00e4dning ing\u00e5r ej. Kan tillk\u00f6pas vid best\u00e4llning. S\u00e4nglinne\/ handduk: 150 kr pr person. Slutst\u00e4dning 1000 kr. plus 500 kr f\u00f6r hund. KONTAKTPERSON Margrethe Petersen TEL 0045 23 606 909 Mail: margrethes@me.com SEMESTRA P\u00c5 FORNEBODA I detta praktfulla kulturhus som ligger vid sj\u00f6n med samma namn har vi inrett ett trevligt semesterboende f\u00f6r 6 personer, som vi hyr ut veckovis p\u00e5 sommaren. Bortsett fr\u00e5n moderna installationer som elektricitet, k\u00f6k med diskmaskin, bad och toalett \u00e4r huset intakt som det byggdes \u00e5r 1888. P\u00e5 andra v\u00e5ningen \u00e4r det 2 stora sovrum i svit \u2013 det ena med utsikt \u00f6ver sj\u00f6n. P\u00e5 denna v\u00e5ning finns ocks\u00e5 bad och toalett. Det tredje sovrummet ligger i gaveln \u00e4ven detta p\u00e5 andra v\u00e5ningen och har egen ing\u00e5ng. P\u00e5 bottenv\u00e5ningen finns det k\u00f6k och storstuga. En \u00f6vert\u00e4ckt terrass l\u00f6per runt huset, och framf\u00f6r \u00e4r det en h\u00e4rlig terrass med kv\u00e4llssol och utsikt \u00f6ver sj\u00f6n d\u00e4r man kan se Kyrkhults kyrka. Grillplats i tr\u00e4dg\u00e5rden och roddb\u00e5t i sj\u00f6n, kan man \u00f6nska sig mera&#8230;.. Pris pr vecka 10 000 kr. S\u00e4nglinne \/ handduk och slutst\u00e4dning ing\u00e5r ej i priset \u00a0<\/p>\n","protected":false},"author":1,"featured_media":0,"parent":0,"menu_order":0,"comment_status":"closed","ping_status":"closed","template":"","meta":{"footnotes":""},"class_list":["post-278","page","type-page","status-publish","hentry"],"_links":{"self":[{"href":"https:\/\/forneboda.se\/index.php?rest_route=\/wp\/v2\/pages\/278","targetHints":{"allow":["GET"]}}],"collection":[{"href":"https:\/\/forneboda.se\/index.php?rest_route=\/wp\/v2\/pages"}],"about":[{"href":"https:\/\/forneboda.se\/index.php?rest_route=\/wp\/v2\/types\/page"}],"author":[{"embeddable":true,"href":"https:\/\/forneboda.se\/index.php?rest_route=\/wp\/v2\/users\/1"}],"replies":[{"embeddable":true,"href":"https:\/\/forneboda.se\/index.php?rest_route=%2Fwp%2Fv2%2Fcomments&post=278"}],"version-history":[{"count":21,"href":"https:\/\/forneboda.se\/index.php?rest_route=\/wp\/v2\/pages\/278\/revisions"}],"predecessor-version":[{"id":1551,"href":"https:\/\/forneboda.se\/index.php?rest_route=\/wp\/v2\/pages\/278\/revisions\/1551"}],"wp:attachment":[{"href":"https:\/\/forneboda.se\/index.php?rest_route=%2Fwp%2Fv2%2Fmedia&parent=278"}],"curies":[{"name":"wp","href":"https:\/\/api.w.org\/{rel}","templated":true}]}}