{"id":301,"date":"2018-03-02T13:09:11","date_gmt":"2018-03-02T12:09:11","guid":{"rendered":"http:\/\/forneboda.se\/?page_id=301"},"modified":"2018-11-28T19:53:52","modified_gmt":"2018-11-28T18:53:52","slug":"carl-eldh","status":"publish","type":"page","link":"https:\/\/forneboda.se\/?page_id=301","title":{"rendered":"Carl Eldh"},"content":{"rendered":"<p><a href=\"https:\/\/forneboda.se\/?page_id=284\"><img loading=\"lazy\" decoding=\"async\" src=\"https:\/\/forneboda.se\/wp-content\/uploads\/2018\/02\/pil2.gif\" alt=\"\" width=\"27\" height=\"31\" \/><\/a><\/p>\n<p>Ett helt annat uttryck har statyn \u00f6ver komposit\u00f6ren och sedermera politikern Gunnar Wennerberg p\u00e5 Djurg\u00e5rden i Stockholm fr\u00e5n 1915. I b\u00e5de portr\u00e4tt och monument visar han prov p\u00e5 en enast\u00e5ende blick f\u00f6r den avportr\u00e4tterades personlighet.<br \/>\nEldh hade under \u00e5ren m\u00e5nga samarbeten med en rad v\u00e4lk\u00e4nda arkitekter: Isak Gustaf Clason, Rag-nar \u00d6stberg, Ivar Tengbom, Erik Lallerstedt med flera, som beh\u00f6vde skulpt\u00f6rens tj\u00e4nster vid tidens typiska fasadutsmyckningar och skulpturala inredningsdetaljer.<\/p>\n<figure id=\"attachment_303\" aria-describedby=\"caption-attachment-303\" style=\"width: 208px\" class=\"wp-caption alignright\"><img loading=\"lazy\" decoding=\"async\" src=\"wp-content\/uploads\/2018\/03\/Strkarlen_av_Carl_Eldh.jpg\" alt=\"\" width=\"208\" height=\"281\" \/><figcaption id=\"caption-attachment-303\" class=\"wp-caption-text\">Carl Eldhs skulptur Str\u00f6mkarlen p\u00e5 Str\u00f6mkarlsbron i sv:Trollh\u00e4ttan.<\/figcaption><\/figure>\n<p>\u00c4ven privatlivet tog en ny riktning f\u00f6r Carl Eldh kring denna tid. Kort efter hem-komsten till Sverige tr\u00e4ffade han Elise Persson och 1907 f\u00f6ddes dottern Brita. Trots att paret levde \u00e5tskiljda under m\u00e5nga \u00e5r, d\u00e5 Elise och Brita flyttade till Kalifornien 1921, kom dottern att f\u00e5 en central betydelse efter sin fars d\u00f6d i etablerandet av det framtida museet.<br \/>\nEfter en l\u00e5ng tid i diverse provisoriska lokaler kunde Carl Eldh 1919 ta sin nyuppf\u00f6rda atelj\u00e9 i Bellevueparken i bruk.\u00a0Atelj\u00e9n hade ritats av v\u00e4nnen Ragnar \u00d6stberg och kort d\u00e4rp\u00e5 skulle de b\u00e5da \u00e5terigen arbeta tillsammans, d\u00e5 med anledning av den konstn\u00e4rliga utsmyckningen av \u00d6stbergs viktigaste verk: Stadshuset i Stockholm.<\/p>\n<p>Eldh fick i uppdrag att g\u00f6ra ett antal skulpturer f\u00f6r tr\u00e4dg\u00e5rden. 1923 avt\u00e4cktes tre monumentala marmorstatyer f\u00f6rest\u00e4llande August Strindberg (<i>F\u00f6rfattaren<\/i>), Gustaf Fr\u00f6ding\u00a0<i>(Poeten<\/i>) och Ernst Josephson (<i>M\u00e5laren<\/i>). Dessa kompletterades senare med ett par n\u00e4ttare skulpturer i brons,\u00a0<i>S\u00e5ngen\u00a0<\/i>och\u00a0<i>Dansen<\/i>, placerade p\u00e5 balustraden mot Riddarfj\u00e4rden.<br \/>\nUnder 1920- och 30-talen var Carl Eldh vid sidan av Christian Eriksson och Carl Milles den mest anlitade skulpt\u00f6ren i Sverige och hans verk finns \u00e4n idag spridda p\u00e5 orter fr\u00e5n norr till s\u00f6der.<\/p>\n<figure id=\"attachment_304\" aria-describedby=\"caption-attachment-304\" style=\"width: 198px\" class=\"wp-caption alignleft\"><img loading=\"lazy\" decoding=\"async\" src=\"wp-content\/uploads\/2018\/03\/atelier.jpg\" alt=\"\" width=\"198\" height=\"281\" \/><figcaption id=\"caption-attachment-304\" class=\"wp-caption-text\">Fr\u00e5n Carl Eldhs atalj\u00e9, nu museum.<\/figcaption><\/figure>\n<p>Med tiden b\u00f6rjade decennier av tungt arbete s\u00e4tta sina tydliga sp\u00e5r p\u00e5 Carl Eldhs h\u00e4lsa. St\u00f6rre monument, s\u00e5som\u00a0<i>Engelbrekt\u00a0<\/i>i Arboga (1935) och\u00a0<i>Carl von Linn\u00e9\u00a0<\/i>i\u00a0\u00c4lmhult (1946) l\u00e4ngre tid att slutf\u00f6ra. Eldh, som alltid st\u00e5tt arbetarr\u00f6relsen n\u00e4ra, fick tidigt i uppdrag att utf\u00f6ra ett monument \u00f6ver Hjalmar Bran-ting men arbetet drog av olika anledningar ut p\u00e5 tiden.<br \/>\nDet enorma Brantings-monumentet avt\u00e4cktes p\u00e5 Norra Bantorget i Stockholm f\u00f6rst 1952 och ett par \u00e5r senare, 1954, avled Eldh. Han efterl\u00e4mnade en atelj\u00e9 fr\u00e5n golv till tak fylld med skisser och verk fr\u00e5n ett l\u00e5ngt konstn\u00e4rsliv.<\/p>\n<p><a href=\"https:\/\/forneboda.se\/?page_id=306\"><img loading=\"lazy\" decoding=\"async\" src=\"https:\/\/forneboda.se\/wp-content\/uploads\/2018\/02\/pil.gif\" alt=\"\" width=\"26\" height=\"31\" \/><\/a><\/p>\n<p><a href=\"https:\/\/forneboda.se\/?page_id=284\"><img loading=\"lazy\" decoding=\"async\" src=\"https:\/\/forneboda.se\/wp-content\/uploads\/2018\/02\/pil2.gif\" alt=\"\" width=\"27\" height=\"31\" \/><\/a><a href=\"https:\/\/forneboda.se\/?page_id=306\"><img loading=\"lazy\" decoding=\"async\" src=\"https:\/\/forneboda.se\/wp-content\/uploads\/2018\/02\/pil.gif\" alt=\"\" width=\"26\" height=\"31\" \/><\/a><\/p>\n","protected":false},"excerpt":{"rendered":"<p>Ett helt annat uttryck har statyn \u00f6ver komposit\u00f6ren och sedermera politikern Gunnar Wennerberg p\u00e5 Djurg\u00e5rden i Stockholm fr\u00e5n 1915. I b\u00e5de portr\u00e4tt och monument visar han prov p\u00e5 en enast\u00e5ende blick f\u00f6r den avportr\u00e4tterades personlighet. Eldh hade under \u00e5ren m\u00e5nga samarbeten med en rad v\u00e4lk\u00e4nda arkitekter: Isak Gustaf Clason, Rag-nar \u00d6stberg, Ivar Tengbom, Erik Lallerstedt med flera, som beh\u00f6vde skulpt\u00f6rens tj\u00e4nster vid tidens typiska fasadutsmyckningar och skulpturala inredningsdetaljer. \u00c4ven privatlivet tog en ny riktning f\u00f6r Carl Eldh kring denna tid. Kort efter hem-komsten till Sverige tr\u00e4ffade han Elise Persson och 1907 f\u00f6ddes dottern Brita. Trots att paret levde \u00e5tskiljda under m\u00e5nga \u00e5r, d\u00e5 Elise och Brita flyttade till Kalifornien 1921, kom dottern att f\u00e5 en central betydelse efter sin fars d\u00f6d i etablerandet av det framtida museet. Efter en l\u00e5ng tid i diverse provisoriska lokaler kunde Carl Eldh 1919 ta sin nyuppf\u00f6rda atelj\u00e9 i Bellevueparken i bruk.\u00a0Atelj\u00e9n hade ritats av v\u00e4nnen Ragnar \u00d6stberg och kort d\u00e4rp\u00e5 skulle de b\u00e5da \u00e5terigen arbeta tillsammans, d\u00e5 med anledning av den konstn\u00e4rliga utsmyckningen av \u00d6stbergs viktigaste verk: Stadshuset i Stockholm. Eldh fick i uppdrag att g\u00f6ra ett antal skulpturer f\u00f6r tr\u00e4dg\u00e5rden. 1923 avt\u00e4cktes tre monumentala marmorstatyer f\u00f6rest\u00e4llande August Strindberg (F\u00f6rfattaren), Gustaf Fr\u00f6ding\u00a0(Poeten) och Ernst Josephson (M\u00e5laren). Dessa kompletterades senare med ett par n\u00e4ttare skulpturer i brons,\u00a0S\u00e5ngen\u00a0och\u00a0Dansen, placerade p\u00e5 balustraden mot Riddarfj\u00e4rden. Under 1920- och 30-talen var Carl Eldh vid sidan av Christian Eriksson och Carl Milles den mest anlitade skulpt\u00f6ren i Sverige och hans verk finns \u00e4n idag spridda p\u00e5 orter fr\u00e5n norr till s\u00f6der. Med tiden b\u00f6rjade decennier av tungt arbete s\u00e4tta sina tydliga sp\u00e5r p\u00e5 Carl Eldhs h\u00e4lsa. St\u00f6rre monument, s\u00e5som\u00a0Engelbrekt\u00a0i Arboga (1935) och\u00a0Carl von Linn\u00e9\u00a0i\u00a0\u00c4lmhult (1946) l\u00e4ngre tid att slutf\u00f6ra. Eldh, som alltid st\u00e5tt arbetarr\u00f6relsen n\u00e4ra, fick tidigt i uppdrag att utf\u00f6ra ett monument \u00f6ver Hjalmar Bran-ting men arbetet drog av olika anledningar ut p\u00e5 tiden. Det enorma Brantings-monumentet avt\u00e4cktes p\u00e5 Norra Bantorget i Stockholm f\u00f6rst 1952 och ett par \u00e5r senare, 1954, avled Eldh. Han efterl\u00e4mnade en atelj\u00e9 fr\u00e5n golv till tak fylld med skisser och verk fr\u00e5n ett l\u00e5ngt konstn\u00e4rsliv.<\/p>\n","protected":false},"author":1,"featured_media":0,"parent":0,"menu_order":0,"comment_status":"closed","ping_status":"closed","template":"","meta":{"footnotes":""},"class_list":["post-301","page","type-page","status-publish","hentry"],"_links":{"self":[{"href":"https:\/\/forneboda.se\/index.php?rest_route=\/wp\/v2\/pages\/301","targetHints":{"allow":["GET"]}}],"collection":[{"href":"https:\/\/forneboda.se\/index.php?rest_route=\/wp\/v2\/pages"}],"about":[{"href":"https:\/\/forneboda.se\/index.php?rest_route=\/wp\/v2\/types\/page"}],"author":[{"embeddable":true,"href":"https:\/\/forneboda.se\/index.php?rest_route=\/wp\/v2\/users\/1"}],"replies":[{"embeddable":true,"href":"https:\/\/forneboda.se\/index.php?rest_route=%2Fwp%2Fv2%2Fcomments&post=301"}],"version-history":[{"count":13,"href":"https:\/\/forneboda.se\/index.php?rest_route=\/wp\/v2\/pages\/301\/revisions"}],"predecessor-version":[{"id":383,"href":"https:\/\/forneboda.se\/index.php?rest_route=\/wp\/v2\/pages\/301\/revisions\/383"}],"wp:attachment":[{"href":"https:\/\/forneboda.se\/index.php?rest_route=%2Fwp%2Fv2%2Fmedia&parent=301"}],"curies":[{"name":"wp","href":"https:\/\/api.w.org\/{rel}","templated":true}]}}