{"id":306,"date":"2018-03-02T13:37:08","date_gmt":"2018-03-02T12:37:08","guid":{"rendered":"http:\/\/forneboda.se\/?page_id=306"},"modified":"2018-03-02T14:53:46","modified_gmt":"2018-03-02T13:53:46","slug":"elise-eldh","status":"publish","type":"page","link":"https:\/\/forneboda.se\/?page_id=306","title":{"rendered":"Elise Eldh"},"content":{"rendered":"<p><a href=\"https:\/\/forneboda.se\/?page_id=301\"><img loading=\"lazy\" decoding=\"async\" src=\"https:\/\/forneboda.se\/wp-content\/uploads\/2018\/02\/pil2.gif\" alt=\"\" width=\"27\" height=\"31\" \/><\/a><\/p>\n<h2 style=\"padding-top: 125px;\">Familjen Eldh<\/h2>\n<h3>Elise og Brita Eldh<\/h3>\n<p>Elise f\u00f6ddes den 14 juni 1881. Hon var nummer sju av tolv barn och v\u00e4xte upp i Ebbam\u00e5la och i V\u00e4stan\u00e5 i N\u00e4sums socken. Fadern, Per Carlsson, var torpare och modern hette Sissa J\u00f6nsdotter.<br \/>\nSom ung flicka kom hon f\u00f6rst till G\u00f6teborg d\u00e4r hon tj\u00e4nade som piga hos redakt\u00f6r Henrik Hedlund och hans familj. 1903 flyttade hon till Stockholm och 1905 tr\u00e4ffade hon Carl Eldh.<\/p>\n<p>Ett par \u00e5r senare f\u00f6ds deras dotter Brita. F\u00f6rst 1914 gifter de sig borgerligt; samma \u00e5r \u00e5ker Carl Eldh p\u00e5 en studieresa till Italien och \u00e4ven Elise f\u00f6ljer med dit. Elise, Brita och Carl bor tillsam-mans i Stockholm; till en b\u00f6rjan i l\u00e4genhet men 1919 st\u00e5r Carl Eldhs Atelj\u00e9 f\u00e4rdig i Bellevue-parken i Stockholm.<br \/>\nVisserligen var atelj\u00e9n inte s\u00e4rskilt praktisk att bo i men det blir i alla fall deras hem. Elise, som \u00e4lskade tr\u00e4dg\u00e5rdsarbete, planterade en hel del v\u00e4xter i den tr\u00e4dg\u00e5rd som omgav atelj\u00e9n.<\/p>\n<p>Makarna bes\u00f6kte ofta Elises for\u00e4ldrahem fram p\u00e5 somrarna till 1920-talet.<\/p>\n<p><img loading=\"lazy\" decoding=\"async\" src=\"https:\/\/forneboda.se\/wp-content\/uploads\/2018\/03\/Elise-1.jpg\" alt=\"\" width=\"144\" height=\"155\" \/><\/p>\n<p>Hon kom att betyda mycket f\u00f6r hans m\u00f6jligheter att ut\u00f6va sitt yrke. En hyllning fr\u00e5n Carl till Elise p\u00e5 hennes f\u00f6delsedag 1921<\/p>\n<p>&nbsp;<\/p>\n<p style=\"text-align: center;\"><i>\u201dDu \u00e4r vek och fin som skogens Linnea<br \/>\nMin ljusalv. Men stolt som furan<br \/>\nSom v\u00e4xt sig stark i stormen.<br \/>\nEtt nordens barn med s\u00f6derns br\u00e4nnande blod<br \/>\nV\u00e4rme, ljus, h\u00e4lsa och of\u00f6rf\u00e4rad styrka<br \/>\nBragte Du i mitt liv.\u201d<\/i><\/p>\n<p style=\"text-align: center;\"><i>Din Cajo<\/i><\/p>\n<p style=\"text-align: left;\">11921 reser Elise tillsammans med Brita till USA. Tanken \u00e4r att Elise ska lansera Carl Eldhs konst d\u00e4r och v\u00e4l i USA arrangerar hon konstutst\u00e4llningar som visserligen recenseras positivt, men ger klent resultat n\u00e4r det g\u00e4ller s\u00e5lda verk. Elise k\u00f6per under sin resa ett hus i Alhambra strax utanf\u00f6r Los Angeles. Tanken \u00e4r att familjen ska bos\u00e4tta sig d\u00e4r. Hon \u00e5terv\u00e4nder till Sverige, tillsammans med Brita, efter ett par \u00e5r och 1925 reser Carl med dem till huset i Alhambra.<\/p>\n<p style=\"text-align: left;\">I svenska tidningar fr\u00e5n den h\u00e4r tiden kan man l\u00e4sa att \u201dCarl Eldh emigrerar\u201d. Det visar sig dock att han \u00e5ter-v\u00e4nder till Sverige efter ett \u00e5r eftersom han inte alls trivs med livet i USA.\u00a0Elise och Brita stannar kvar och de \u00e5terser aldrig Carl.<\/p>\n<p><img loading=\"lazy\" decoding=\"async\" src=\"https:\/\/forneboda.se\/wp-content\/uploads\/2018\/03\/elise-granit.jpg\" alt=\"\" width=\"144\" height=\"155\" \/><\/p>\n<p>I en tidnings-artikel i Husmodern, inf\u00f6r flytten till USA, ber\u00e4ttar Elise bl.a. om sin uppv\u00e4xt i Blekinge. Hon beskriver att hon som barn levt i en blomstertr\u00e4dg\u00e5rd invid en idyllisk \u00e5 <em>\u201di en av Sveriges vackraste bygder.\u201d<\/em><\/p>\n<p>Hon s\u00e4ger vidare att hon f\u00e5tt k\u00e4rleken till naturen och jorden i blodet. Hon s\u00e5g fram emot att f\u00e5 \u00e5terv\u00e4nda till villan i Alhambra som omgavs av en tr\u00e4d-g\u00e5rd med massor av blommor och sjutton olika slags frukter.<\/p>\n<p><img loading=\"lazy\" decoding=\"async\" src=\"https:\/\/forneboda.se\/wp-content\/uploads\/2018\/03\/familjen_eldh.jpg\" alt=\"\" width=\"300\" height=\"363\" \/><\/p>\n<p><a href=\"https:\/\/forneboda.se\/?page_id=315\"><img loading=\"lazy\" decoding=\"async\" src=\"https:\/\/forneboda.se\/wp-content\/uploads\/2018\/02\/pil.gif\" alt=\"\" width=\"26\" height=\"31\" \/><\/a><\/p>\n<p><a href=\"https:\/\/forneboda.se\/?page_id=301\"><img loading=\"lazy\" decoding=\"async\" src=\"https:\/\/forneboda.se\/wp-content\/uploads\/2018\/02\/pil2.gif\" alt=\"\" width=\"27\" height=\"31\" \/><\/a><a href=\"https:\/\/forneboda.se\/?page_id=315\"><img loading=\"lazy\" decoding=\"async\" src=\"https:\/\/forneboda.se\/wp-content\/uploads\/2018\/02\/pil.gif\" alt=\"\" width=\"26\" height=\"31\" \/><\/a><\/p>\n","protected":false},"excerpt":{"rendered":"<p>Familjen Eldh Elise og Brita Eldh Elise f\u00f6ddes den 14 juni 1881. Hon var nummer sju av tolv barn och v\u00e4xte upp i Ebbam\u00e5la och i V\u00e4stan\u00e5 i N\u00e4sums socken. Fadern, Per Carlsson, var torpare och modern hette Sissa J\u00f6nsdotter. Som ung flicka kom hon f\u00f6rst till G\u00f6teborg d\u00e4r hon tj\u00e4nade som piga hos redakt\u00f6r Henrik Hedlund och hans familj. 1903 flyttade hon till Stockholm och 1905 tr\u00e4ffade hon Carl Eldh. Ett par \u00e5r senare f\u00f6ds deras dotter Brita. F\u00f6rst 1914 gifter de sig borgerligt; samma \u00e5r \u00e5ker Carl Eldh p\u00e5 en studieresa till Italien och \u00e4ven Elise f\u00f6ljer med dit. Elise, Brita och Carl bor tillsam-mans i Stockholm; till en b\u00f6rjan i l\u00e4genhet men 1919 st\u00e5r Carl Eldhs Atelj\u00e9 f\u00e4rdig i Bellevue-parken i Stockholm. Visserligen var atelj\u00e9n inte s\u00e4rskilt praktisk att bo i men det blir i alla fall deras hem. Elise, som \u00e4lskade tr\u00e4dg\u00e5rdsarbete, planterade en hel del v\u00e4xter i den tr\u00e4dg\u00e5rd som omgav atelj\u00e9n. Makarna bes\u00f6kte ofta Elises for\u00e4ldrahem fram p\u00e5 somrarna till 1920-talet. Hon kom att betyda mycket f\u00f6r hans m\u00f6jligheter att ut\u00f6va sitt yrke. En hyllning fr\u00e5n Carl till Elise p\u00e5 hennes f\u00f6delsedag 1921 &nbsp; \u201dDu \u00e4r vek och fin som skogens Linnea Min ljusalv. Men stolt som furan Som v\u00e4xt sig stark i stormen. Ett nordens barn med s\u00f6derns br\u00e4nnande blod V\u00e4rme, ljus, h\u00e4lsa och of\u00f6rf\u00e4rad styrka Bragte Du i mitt liv.\u201d Din Cajo 11921 reser Elise tillsammans med Brita till USA. Tanken \u00e4r att Elise ska lansera Carl Eldhs konst d\u00e4r och v\u00e4l i USA arrangerar hon konstutst\u00e4llningar som visserligen recenseras positivt, men ger klent resultat n\u00e4r det g\u00e4ller s\u00e5lda verk. Elise k\u00f6per under sin resa ett hus i Alhambra strax utanf\u00f6r Los Angeles. Tanken \u00e4r att familjen ska bos\u00e4tta sig d\u00e4r. Hon \u00e5terv\u00e4nder till Sverige, tillsammans med Brita, efter ett par \u00e5r och 1925 reser Carl med dem till huset i Alhambra. I svenska tidningar fr\u00e5n den h\u00e4r tiden kan man l\u00e4sa att \u201dCarl Eldh emigrerar\u201d. Det visar sig dock att han \u00e5ter-v\u00e4nder till Sverige efter ett \u00e5r eftersom han inte alls trivs med livet i USA.\u00a0Elise och Brita stannar kvar och de \u00e5terser aldrig Carl. I en tidnings-artikel i Husmodern, inf\u00f6r flytten till USA, ber\u00e4ttar Elise bl.a. om sin uppv\u00e4xt i Blekinge. Hon beskriver att hon som barn levt i en blomstertr\u00e4dg\u00e5rd invid en idyllisk \u00e5 \u201di en av Sveriges vackraste bygder.\u201d Hon s\u00e4ger vidare att hon f\u00e5tt k\u00e4rleken till naturen och jorden i blodet. Hon s\u00e5g fram emot att f\u00e5 \u00e5terv\u00e4nda till villan i Alhambra som omgavs av en tr\u00e4d-g\u00e5rd med massor av blommor och sjutton olika slags frukter.<\/p>\n","protected":false},"author":1,"featured_media":0,"parent":0,"menu_order":0,"comment_status":"closed","ping_status":"closed","template":"","meta":{"footnotes":""},"class_list":["post-306","page","type-page","status-publish","hentry"],"_links":{"self":[{"href":"https:\/\/forneboda.se\/index.php?rest_route=\/wp\/v2\/pages\/306","targetHints":{"allow":["GET"]}}],"collection":[{"href":"https:\/\/forneboda.se\/index.php?rest_route=\/wp\/v2\/pages"}],"about":[{"href":"https:\/\/forneboda.se\/index.php?rest_route=\/wp\/v2\/types\/page"}],"author":[{"embeddable":true,"href":"https:\/\/forneboda.se\/index.php?rest_route=\/wp\/v2\/users\/1"}],"replies":[{"embeddable":true,"href":"https:\/\/forneboda.se\/index.php?rest_route=%2Fwp%2Fv2%2Fcomments&post=306"}],"version-history":[{"count":5,"href":"https:\/\/forneboda.se\/index.php?rest_route=\/wp\/v2\/pages\/306\/revisions"}],"predecessor-version":[{"id":333,"href":"https:\/\/forneboda.se\/index.php?rest_route=\/wp\/v2\/pages\/306\/revisions\/333"}],"wp:attachment":[{"href":"https:\/\/forneboda.se\/index.php?rest_route=%2Fwp%2Fv2%2Fmedia&parent=306"}],"curies":[{"name":"wp","href":"https:\/\/api.w.org\/{rel}","templated":true}]}}