{"id":339,"date":"2018-03-02T15:14:21","date_gmt":"2018-03-02T14:14:21","guid":{"rendered":"http:\/\/forneboda.se\/?page_id=339"},"modified":"2026-02-02T17:53:38","modified_gmt":"2026-02-02T16:53:38","slug":"kontakt","status":"publish","type":"page","link":"https:\/\/forneboda.se\/?page_id=339","title":{"rendered":"Kontakt"},"content":{"rendered":"\n\n\t<p>STIFTELSENS STYRELSE:<\/p>\n\t<img loading=\"lazy\" decoding=\"async\" src=\"wp-content\/uploads\/2018\/03\/margrethe-2.jpg\" alt=\"\" width=\"80\" height=\"80\" \/><em>Ordf\u00f6rande:<\/em><br \/>\nMargrethe Petersen<br \/>\nNytebodav\u00e4gen 624<br \/>\n293 91 Olofstr\u00f6m<br \/>\nMail: <a href=\"mailto:margrethes@me.com\">margrethes@me.com<\/a>\n<em>Sekret\u00e4re:<\/em><br \/>\nMarie-Louise Nilsson<br \/>\nMobil: 070-301 58 79\u202c<br \/>\nMail: <a href=\"mailto:mimmismossor@hotmail.com\">mimmismossor@hotmail.com<\/a>\nReino Fridh<br \/>\nMobil: 0708294596<br \/>\nMail:<a href=\"http:\/\/jerrylilja@yahoo.se\">reinofridh@gmail.com<\/a>\nIngrid Karlsson<br \/>\nMobil:<br \/>\nMail:<a href=\"http:\/\/karlsson.045499960@outlook.com\">karlsson.045499960@outlook.com<\/a>\n<p>&nbsp;<\/p>\n<p>&nbsp;<\/p>\n<p>&nbsp;<\/p>\n\t<img loading=\"lazy\" decoding=\"async\" src=\"wp-content\/uploads\/2018\/03\/rolf-persson-lille.jpg\" alt=\"\" width=\"80\" height=\"80\" \/>Rolf Persson<br \/>\nL\u00e4karev\u00e4gen 6<br \/>\n293 74 Kyrkhult<br \/>\nMobil 070 838 76 42\n<p>Mail:\u00a0<a href=\"mailto:rolf.kyrkhult@gmail.com\">rolf.kyrkhult@gmail.com<\/a><\/p>\n<img loading=\"lazy\" decoding=\"async\" src=\"wp-content\/uploads\/2018\/06\/Hans-Jonsson-beskar-150x150.jpg\" alt=\"\" width=\"80\" height=\"90\" \/><em>Kass\u00f6r:<\/em><br \/>\nHans Jonsson<br \/>\nJ\u00e4garegatan 5<br \/>\n293 39 Olofstr\u00f6m<br \/>\nMobil 070 629 22 47<br \/>\nMail:\u00a0<a href=\"mailto:hans.jonsson.1947@gmail.com\">hans.jonsson.1947@gmail.com<\/a>\n<p>&nbsp;<\/p>\n\t<h2><a href=\"https:\/\/forneboda.se\/?page_id=348\">Samarbetspartnere<br \/>\nLinks<img loading=\"lazy\" decoding=\"async\" src=\"https:\/\/forneboda.se\/wp-content\/uploads\/2018\/02\/pil.gif\" alt=\"\" width=\"26\" height=\"31\" \/><\/a><\/h2>\n\n","protected":false},"excerpt":{"rendered":"<p>STIFTELSENS STYRELSE: Ordf\u00f6rande: Margrethe Petersen Nytebodav\u00e4gen 624 293 91 Olofstr\u00f6m Mail: margrethes@me.com Sekret\u00e4re: Marie-Louise Nilsson Mobil: 070-301 58 79\u202c Mail: mimmismossor@hotmail.com Reino Fridh Mobil: 0708294596 Mail:reinofridh@gmail.com Ingrid Karlsson Mobil: Mail:karlsson.045499960@outlook.com &nbsp; &nbsp; &nbsp; Rolf Persson L\u00e4karev\u00e4gen 6 293 74 Kyrkhult Mobil 070 838 76 42 Mail:\u00a0rolf.kyrkhult@gmail.com Kass\u00f6r: Hans Jonsson J\u00e4garegatan 5 293 39 Olofstr\u00f6m Mobil 070 629 22 47 Mail:\u00a0hans.jonsson.1947@gmail.com &nbsp; Samarbetspartnere Links<\/p>\n","protected":false},"author":1,"featured_media":0,"parent":0,"menu_order":0,"comment_status":"closed","ping_status":"closed","template":"","meta":{"footnotes":""},"class_list":["post-339","page","type-page","status-publish","hentry"],"_links":{"self":[{"href":"https:\/\/forneboda.se\/index.php?rest_route=\/wp\/v2\/pages\/339","targetHints":{"allow":["GET"]}}],"collection":[{"href":"https:\/\/forneboda.se\/index.php?rest_route=\/wp\/v2\/pages"}],"about":[{"href":"https:\/\/forneboda.se\/index.php?rest_route=\/wp\/v2\/types\/page"}],"author":[{"embeddable":true,"href":"https:\/\/forneboda.se\/index.php?rest_route=\/wp\/v2\/users\/1"}],"replies":[{"embeddable":true,"href":"https:\/\/forneboda.se\/index.php?rest_route=%2Fwp%2Fv2%2Fcomments&post=339"}],"version-history":[{"count":11,"href":"https:\/\/forneboda.se\/index.php?rest_route=\/wp\/v2\/pages\/339\/revisions"}],"predecessor-version":[{"id":1565,"href":"https:\/\/forneboda.se\/index.php?rest_route=\/wp\/v2\/pages\/339\/revisions\/1565"}],"wp:attachment":[{"href":"https:\/\/forneboda.se\/index.php?rest_route=%2Fwp%2Fv2%2Fmedia&parent=339"}],"curies":[{"name":"wp","href":"https:\/\/api.w.org\/{rel}","templated":true}]}}