{"id":72,"date":"2018-02-28T13:39:01","date_gmt":"2018-02-28T12:39:01","guid":{"rendered":"http:\/\/forneboda.se\/?page_id=72"},"modified":"2020-01-11T11:16:26","modified_gmt":"2020-01-11T10:16:26","slug":"fornebodastugan","status":"publish","type":"page","link":"https:\/\/forneboda.se\/?page_id=72","title":{"rendered":"fornebodastugan"},"content":{"rendered":"\n\t\t\t\t<img loading=\"lazy\" decoding=\"async\" src=\"https:\/\/forneboda.se\/wp-content\/uploads\/2018\/02\/udsmykning.png\" alt=\"udsmykning\" itemprop=\"image\" height=\"250\" width=\"137\" title=\"udsmykning\"  \/>\n\t\t\t\t<img loading=\"lazy\" decoding=\"async\" src=\"https:\/\/forneboda.se\/wp-content\/uploads\/2018\/06\/fra-siden-bag-lille.jpg\" alt=\"fra siden bag lille\" itemprop=\"image\" height=\"1350\" width=\"900\" title=\"fra siden bag lille\"  \/>\n\t\t\t\t<img loading=\"lazy\" decoding=\"async\" src=\"https:\/\/forneboda.se\/wp-content\/uploads\/2018\/06\/Kopia-av-Forneboda-fra-see-lille.jpg\" alt=\"Fornebodasj\u00f6n\" itemprop=\"image\" height=\"675\" width=\"900\" title=\"Fornebodasj\u00f6n\"  \/>\n\t\t\t\t<img loading=\"lazy\" decoding=\"async\" src=\"https:\/\/forneboda.se\/wp-content\/uploads\/2018\/02\/gavl.jpg\" alt=\"gavl\" itemprop=\"image\" height=\"112\" width=\"149\" title=\"gavl\"  \/>\n\t<a href=\"https:\/\/forneboda.se\/?page_id=87\"><img loading=\"lazy\" decoding=\"async\" src=\"https:\/\/forneboda.se\/wp-content\/uploads\/2018\/02\/pil.gif\" alt=\"\" width=\"26\" height=\"31\" \/><\/a>\n\t<strong>FORNEBODA &#8211; EN MODERNA H\u00d6GLOFTSSTUGA.<\/strong><br \/>\nH\u00f6gloftsstugan kallas ocks\u00e5 sydg\u00f6tiskt hus. Bostadstypen var vanlig i sydsverige i allm\u00e4nhet\u00a0och i Blekinge i synnerhet fr\u00e5n medeltid fram till 1800-talets mitt, n\u00e4r nya stora hustyper ersatte de gamla och l\u00e5ga. H\u00f6gloftsstugorna var allm\u00e4nt f\u00f6rekommande bland b\u00f6nder. Byggnaden best\u00e5r av vanligtvis av tre olika hus-kroppar som sammanfogats till en enhet. I mitten en l\u00e5g en rygg\u00e5sstuga, med inv\u00e4ndigt tak \u00f6ppet upp till nock, flankerad p\u00e5 vardera gaveln av en h\u00f6g bod, kallade bakloft och framloft. Bodarna var uppf\u00f6rt i tv\u00e5 v\u00e5ningar. Mitthuset var familjens dagligstuga. Huvuding\u00e5ng, ofta i kombination med f\u00f6rr\u00e5d och redskapsbod, fanns alltid i en av bodarna.\n\t<p>Den andra boden tj\u00e4nade som sommarbostad, v\u00e4vkammare, men ocks\u00e5 djurstall och h\u00f6loft.<\/p>\n<p>Under 1800-talets andra h\u00e4lft frodades en vurm f\u00f6r fornstora dagar med b\u00f6rjan i en romantiserad idealbild av det g\u00f6tiska, det fornnordiska f\u00f6r att mot sekelskiftet uttrycksm\u00e4ssigt d\u00e4mpas i en mer national-romantisk bonden\u00e4ra anda. Ett resultat av denna tillbakablickande trend blev bla mycket annat Skansen och Nordiska museet.<\/p>\n<p>DEN FORNNORDISKA ANDAN hade mot 1800-talets slut d\u00e4mpats och kom allt mer att \u00f6verg\u00e5 i en nationalromantisk riktning, som i sitt saj\u00e4lvst\u00e4ndiga uttryck slog igenom f\u00f6rst under 1900-talets allra\u00a0f\u00f6rsta \u00e5r.<\/p>\n\t<p>takryttare och vinskivor medan sj\u00e4lva hustypen, h\u00f6gloftstugan, ansluter till nationalromatiken. Huset \u00e4r med andra ord ett ihopkok av tv\u00e5 olika historiserande trender tolkade av sin samtid. Det har aldrig genom historien funnits en s\u00e5 stor och h\u00f6g h\u00f6glofts-stuga som Fornebodastugan och aldrig n\u00e5gonsin en med den typen av exteri\u00f6r utsmyckning. Forneboda som Alma Gauffins h\u00f6gloftsstuga kallades, utvecklades snabbt till ett kulturellt centrum i bygden, flitigt bes\u00f6kt av s\u00e5v\u00e4l ortsbor som brunnsg\u00e4ster. Snart kom ocks\u00e5 G\u00e5rdsj\u00f6n att byta namn till Forne-bodasj\u00f6n\u00a0Fornebodastug-ans exteri\u00f6r ber\u00e4ttar om s\u00e5v\u00e4l hustyp som stilideal. I Fornebodastugan kan man se tydliga fornnor-diska stildrag framf\u00f6r allt i alla balkonger\/altaner,<\/p>\n\t<p><a href=\"https:\/\/forneboda.se\/?page_id=87\"><img loading=\"lazy\" decoding=\"async\" src=\"https:\/\/forneboda.se\/wp-content\/uploads\/2018\/02\/pil.gif\" alt=\"\" width=\"26\" height=\"31\" \/><\/a><\/p>\n","protected":false},"excerpt":{"rendered":"<p>FORNEBODA &#8211; EN MODERNA H\u00d6GLOFTSSTUGA. H\u00f6gloftsstugan kallas ocks\u00e5 sydg\u00f6tiskt hus. Bostadstypen var vanlig i sydsverige i allm\u00e4nhet\u00a0och i Blekinge i synnerhet fr\u00e5n medeltid fram till 1800-talets mitt, n\u00e4r nya stora hustyper ersatte de gamla och l\u00e5ga. H\u00f6gloftsstugorna var allm\u00e4nt f\u00f6rekommande bland b\u00f6nder. Byggnaden best\u00e5r av vanligtvis av tre olika hus-kroppar som sammanfogats till en enhet. I mitten en l\u00e5g en rygg\u00e5sstuga, med inv\u00e4ndigt tak \u00f6ppet upp till nock, flankerad p\u00e5 vardera gaveln av en h\u00f6g bod, kallade bakloft och framloft. Bodarna var uppf\u00f6rt i tv\u00e5 v\u00e5ningar. Mitthuset var familjens dagligstuga. Huvuding\u00e5ng, ofta i kombination med f\u00f6rr\u00e5d och redskapsbod, fanns alltid i en av bodarna. Den andra boden tj\u00e4nade som sommarbostad, v\u00e4vkammare, men ocks\u00e5 djurstall och h\u00f6loft. Under 1800-talets andra h\u00e4lft frodades en vurm f\u00f6r fornstora dagar med b\u00f6rjan i en romantiserad idealbild av det g\u00f6tiska, det fornnordiska f\u00f6r att mot sekelskiftet uttrycksm\u00e4ssigt d\u00e4mpas i en mer national-romantisk bonden\u00e4ra anda. Ett resultat av denna tillbakablickande trend blev bla mycket annat Skansen och Nordiska museet. DEN FORNNORDISKA ANDAN hade mot 1800-talets slut d\u00e4mpats och kom allt mer att \u00f6verg\u00e5 i en nationalromantisk riktning, som i sitt saj\u00e4lvst\u00e4ndiga uttryck slog igenom f\u00f6rst under 1900-talets allra\u00a0f\u00f6rsta \u00e5r. takryttare och vinskivor medan sj\u00e4lva hustypen, h\u00f6gloftstugan, ansluter till nationalromatiken. Huset \u00e4r med andra ord ett ihopkok av tv\u00e5 olika historiserande trender tolkade av sin samtid. Det har aldrig genom historien funnits en s\u00e5 stor och h\u00f6g h\u00f6glofts-stuga som Fornebodastugan och aldrig n\u00e5gonsin en med den typen av exteri\u00f6r utsmyckning. Forneboda som Alma Gauffins h\u00f6gloftsstuga kallades, utvecklades snabbt till ett kulturellt centrum i bygden, flitigt bes\u00f6kt av s\u00e5v\u00e4l ortsbor som brunnsg\u00e4ster. Snart kom ocks\u00e5 G\u00e5rdsj\u00f6n att byta namn till Forne-bodasj\u00f6n\u00a0Fornebodastug-ans exteri\u00f6r ber\u00e4ttar om s\u00e5v\u00e4l hustyp som stilideal. I Fornebodastugan kan man se tydliga fornnor-diska stildrag framf\u00f6r allt i alla balkonger\/altaner,<\/p>\n","protected":false},"author":1,"featured_media":0,"parent":0,"menu_order":0,"comment_status":"closed","ping_status":"closed","template":"","meta":{"footnotes":""},"class_list":["post-72","page","type-page","status-publish","hentry"],"_links":{"self":[{"href":"https:\/\/forneboda.se\/index.php?rest_route=\/wp\/v2\/pages\/72","targetHints":{"allow":["GET"]}}],"collection":[{"href":"https:\/\/forneboda.se\/index.php?rest_route=\/wp\/v2\/pages"}],"about":[{"href":"https:\/\/forneboda.se\/index.php?rest_route=\/wp\/v2\/types\/page"}],"author":[{"embeddable":true,"href":"https:\/\/forneboda.se\/index.php?rest_route=\/wp\/v2\/users\/1"}],"replies":[{"embeddable":true,"href":"https:\/\/forneboda.se\/index.php?rest_route=%2Fwp%2Fv2%2Fcomments&post=72"}],"version-history":[{"count":22,"href":"https:\/\/forneboda.se\/index.php?rest_route=\/wp\/v2\/pages\/72\/revisions"}],"predecessor-version":[{"id":1457,"href":"https:\/\/forneboda.se\/index.php?rest_route=\/wp\/v2\/pages\/72\/revisions\/1457"}],"wp:attachment":[{"href":"https:\/\/forneboda.se\/index.php?rest_route=%2Fwp%2Fv2%2Fmedia&parent=72"}],"curies":[{"name":"wp","href":"https:\/\/api.w.org\/{rel}","templated":true}]}}